{"id":1542,"date":"2024-05-14T15:44:19","date_gmt":"2024-05-14T15:44:19","guid":{"rendered":"https:\/\/chm.4vlab.org\/?post_type=product&#038;p=1542"},"modified":"2024-06-03T09:25:53","modified_gmt":"2024-06-03T09:25:53","slug":"pack-6-vino-blanc-chardonnay","status":"publish","type":"product","link":"https:\/\/chm.4vlab.org\/?product=pack-6-vino-blanc-chardonnay&lang=fr","title":{"rendered":"Pack 6 &#8211; Vin Blanc Chardonnay"},"content":{"rendered":"<p>Le vin blanc Chardonnay avec la d\u00e9nomination d&#8217;origine Navarra est une expression unique de la r\u00e9gion, combinant la tradition vinicole de Navarre avec la versatilit\u00e9 et l&#8217;\u00e9l\u00e9gance caract\u00e9ristiques du raisin Chardonnay. Ce vin se distingue par sa couleur dor\u00e9e p\u00e2le et brillante, qui invite \u00e0 explorer ses ar\u00f4mes d\u00e9licats et complexes.<\/p>\n<p>Au nez, on per\u00e7oit un amalgame de notes fruit\u00e9es, allant de la pomme verte et de la p\u00eache \u00e0 l&#8217;ananas tropical, accompagn\u00e9es de subtiles notes florales et d&#8217;une l\u00e9g\u00e8re touche de vanille due \u00e0 son s\u00e9jour en ch\u00eane. En bouche, il r\u00e9v\u00e8le une structure bien \u00e9quilibr\u00e9e, avec une acidit\u00e9 rafra\u00eechissante qui rehausse la fra\u00eecheur de ses saveurs fruit\u00e9es et une texture soyeuse qui enveloppe le palais \u00e0 chaque gorg\u00e9e.<\/p>\n<p>La finale est persistante et \u00e9l\u00e9gante, laissant un sentiment de satisfaction et une l\u00e9g\u00e8re min\u00e9ralit\u00e9 qui refl\u00e8te la richesse du terroir navarrais. Ce Chardonnay de Navarre est le partenaire id\u00e9al d&#8217;une grande vari\u00e9t\u00e9 de plats, des fruits de mer frais aux poissons grill\u00e9s, en passant par les volailles et les salades d&#8217;\u00e9t\u00e9. C&#8217;est un vin qui ravit les sens et qui rehausse toutes les occasions par sa sophistication et son caract\u00e8re distinctif.<\/p>\n","protected":false},"excerpt":{"rendered":"<p>Eguzki, vari\u00e9t\u00e9 blanche \u00e0 base de raisins chardonnay, \u00e9labor\u00e9e \u00e0 partir de raisins chardonnay, vieillie pendant 4 mois en f\u00fbts de ch\u00eane fran\u00e7ais avec batonnage p\u00e9riodique. C&#8217;est un \u00e9lixir qui allie fra\u00eecheur et \u00e9l\u00e9gance. Sa robe jaune p\u00e2le r\u00e9v\u00e8le des notes aromatiques de fruits tropicaux et d&#8217;agrumes, avec de d\u00e9licates nuances de vanille et de beurre dues \u00e0 l&#8217;\u00e9levage en barrique. En bouche, il est \u00e9quilibr\u00e9, avec une acidit\u00e9 rafra\u00eechissante et une finale longue et soyeuse qui invite \u00e0 la d\u00e9gustation. C&#8217;est un vin qui refl\u00e8te l&#8217;excellence des vignobles de Navarre et le soin apport\u00e9 \u00e0 son \u00e9laboration.<\/p>\n","protected":false},"featured_media":849,"comment_status":"open","ping_status":"closed","template":"","meta":[],"product_cat":[175],"product_tag":[],"_links":{"self":[{"href":"https:\/\/chm.4vlab.org\/index.php?rest_route=\/wp\/v2\/product\/1542"}],"collection":[{"href":"https:\/\/chm.4vlab.org\/index.php?rest_route=\/wp\/v2\/product"}],"about":[{"href":"https:\/\/chm.4vlab.org\/index.php?rest_route=\/wp\/v2\/types\/product"}],"replies":[{"embeddable":true,"href":"https:\/\/chm.4vlab.org\/index.php?rest_route=%2Fwp%2Fv2%2Fcomments&post=1542"}],"wp:featuredmedia":[{"embeddable":true,"href":"https:\/\/chm.4vlab.org\/index.php?rest_route=\/wp\/v2\/media\/849"}],"wp:attachment":[{"href":"https:\/\/chm.4vlab.org\/index.php?rest_route=%2Fwp%2Fv2%2Fmedia&parent=1542"}],"wp:term":[{"taxonomy":"product_cat","embeddable":true,"href":"https:\/\/chm.4vlab.org\/index.php?rest_route=%2Fwp%2Fv2%2Fproduct_cat&post=1542"},{"taxonomy":"product_tag","embeddable":true,"href":"https:\/\/chm.4vlab.org\/index.php?rest_route=%2Fwp%2Fv2%2Fproduct_tag&post=1542"}],"curies":[{"name":"wp","href":"https:\/\/api.w.org\/{rel}","templated":true}]}}