{"id":1578,"date":"2024-05-14T15:46:25","date_gmt":"2024-05-14T15:46:25","guid":{"rendered":"https:\/\/chm.4vlab.org\/?post_type=product&#038;p=1578"},"modified":"2024-05-16T17:41:19","modified_gmt":"2024-05-16T17:41:19","slug":"pack-6-vin-rose-sec","status":"publish","type":"product","link":"https:\/\/chm.4vlab.org\/?product=pack-6-vin-rose-sec&lang=fr","title":{"rendered":"Pack 6 &#8211; Vin Ros\u00e9 Sec"},"content":{"rendered":"<p>Eguzki Seco est une exp\u00e9rience sensorielle qui vous transporte dans les vignobles ensoleill\u00e9s de Navarre, o\u00f9 l&#8217;art de la viticulture se confond avec la passion de cr\u00e9er des vins d&#8217;une qualit\u00e9 exceptionnelle. C&#8217;est une expression authentique du terroir, qui capture l&#8217;essence m\u00eame de la r\u00e9gion dans chaque goutte.<\/p>\n<p>Imaginez un vin ros\u00e9 sec de la Denominaci\u00f3n de Origen Navarra comme un po\u00e8me d\u00e9licat \u00e9crit avec des raisins. Sa couleur est d&#8217;un rose p\u00e2le et vif, comme la caresse de la lumi\u00e8re du soir sur un champ de roses au printemps. Lorsque vous le portez \u00e0 votre nez, vous \u00eates accueilli par une symphonie d&#8217;ar\u00f4mes frais et fruit\u00e9s : fraises m\u00fbres, framboises juteuses et un soup\u00e7on subtil de fleurs de sureau.<\/p>\n<p>En bouche, ce vin pr\u00e9sente une harmonie exquise. L&#8217;entr\u00e9e en bouche est douce et soyeuse, comme un doux baiser sur les l\u00e8vres, suivie d&#8217;une explosion de saveurs fruit\u00e9es qui dansent sur le palais. L&#8217;acidit\u00e9 est rafra\u00eechissante et \u00e9quilibr\u00e9e, comme une douce brise qui vous caresse le visage par une chaude soir\u00e9e d&#8217;\u00e9t\u00e9. La finale est persistante et \u00e9l\u00e9gante, laissant un arri\u00e8re-go\u00fbt doux et fruit\u00e9 qui vous invite \u00e0 prendre une autre gorg\u00e9e.<\/p>\n","protected":false},"excerpt":{"rendered":"<p>Eguzki ros\u00e9 sec, \u00e9labor\u00e9 \u00e0 partir des c\u00e9pages Tempranillo et Cari\u00f1ena. La couleur et les ar\u00f4mes souhait\u00e9s sont extraits et le vin est ensuite d\u00e9cuv\u00e9 apr\u00e8s environ six heures. La fermentation s&#8217;ach\u00e8ve dans des cuves en acier inoxydable, sous un contr\u00f4le rigoureux de la temp\u00e9rature, jusqu&#8217;\u00e0 ce que tous les sucres soient \u00e9limin\u00e9s. Il est parfait pour \u00eatre d\u00e9gust\u00e9 en toute occasion, seul ou avec diff\u00e9rents plats, et constitue un choix id\u00e9al pour les amateurs de vin \u00e0 la recherche d&#8217;un produit l\u00e9ger et polyvalent.<\/p>\n","protected":false},"featured_media":854,"comment_status":"open","ping_status":"closed","template":"","meta":[],"product_cat":[181],"product_tag":[],"_links":{"self":[{"href":"https:\/\/chm.4vlab.org\/index.php?rest_route=\/wp\/v2\/product\/1578"}],"collection":[{"href":"https:\/\/chm.4vlab.org\/index.php?rest_route=\/wp\/v2\/product"}],"about":[{"href":"https:\/\/chm.4vlab.org\/index.php?rest_route=\/wp\/v2\/types\/product"}],"replies":[{"embeddable":true,"href":"https:\/\/chm.4vlab.org\/index.php?rest_route=%2Fwp%2Fv2%2Fcomments&post=1578"}],"wp:featuredmedia":[{"embeddable":true,"href":"https:\/\/chm.4vlab.org\/index.php?rest_route=\/wp\/v2\/media\/854"}],"wp:attachment":[{"href":"https:\/\/chm.4vlab.org\/index.php?rest_route=%2Fwp%2Fv2%2Fmedia&parent=1578"}],"wp:term":[{"taxonomy":"product_cat","embeddable":true,"href":"https:\/\/chm.4vlab.org\/index.php?rest_route=%2Fwp%2Fv2%2Fproduct_cat&post=1578"},{"taxonomy":"product_tag","embeddable":true,"href":"https:\/\/chm.4vlab.org\/index.php?rest_route=%2Fwp%2Fv2%2Fproduct_tag&post=1578"}],"curies":[{"name":"wp","href":"https:\/\/api.w.org\/{rel}","templated":true}]}}