{"id":1629,"date":"2024-05-14T15:48:33","date_gmt":"2024-05-14T15:48:33","guid":{"rendered":"https:\/\/chm.4vlab.org\/?post_type=product&#038;p=1629"},"modified":"2024-06-03T09:25:53","modified_gmt":"2024-06-03T09:25:53","slug":"pack-6-vin-rose-frizzante","status":"publish","type":"product","link":"https:\/\/chm.4vlab.org\/?product=pack-6-vin-rose-frizzante&lang=fr","title":{"rendered":"Pack 6 &#8211; Vin Ros\u00e9 Frizzante"},"content":{"rendered":"<p>Notre vin ros\u00e9 Frizzante a une couleur rose vif qui \u00e9voque les chauds couchers de soleil de la r\u00e9gion, ce vin \u00e9veille les sens d\u00e8s le premier instant. Son ar\u00f4me frais et fruit\u00e9 vous transporte dans les vignobles de Navarre, o\u00f9 le soleil caresse les raisins jusqu&#8217;\u00e0 leur pleine maturit\u00e9.<\/p>\n<p>En bouche, ce vin ros\u00e9 fruit\u00e9 pr\u00e9sente une explosion de saveurs juteuses et rafra\u00eechissantes. Des notes de fruits rouges comme les fraises, les framboises et les cerises se m\u00ealent \u00e0 de subtiles touches florales, cr\u00e9ant une exp\u00e9rience gustative unique et agr\u00e9able.<\/p>\n<p>Que ce soit pour accompagner un repas en plein air avec des amis ou pour \u00eatre d\u00e9gust\u00e9 lors d&#8217;une soir\u00e9e intime, ce vin ros\u00e9 est le choix id\u00e9al. Son acidit\u00e9 \u00e9quilibr\u00e9e et sa douce effervescence en font le compagnon id\u00e9al pour toutes les occasions.<\/p>\n<p>Plongez dans le charme de la Navarre \u00e0 chaque gorg\u00e9e de ce d\u00e9licieux vin ros\u00e9 frizzante et d\u00e9couvrez pourquoi c&#8217;est un choix auquel vous ne pourrez pas r\u00e9sister. N&#8217;attendez plus pour l&#8217;ajouter \u00e0 votre collection et vivre des moments inoubliables avec ceux que vous ch\u00e9rissez le plus !<\/p>\n","protected":false},"excerpt":{"rendered":"<div class=\"page\" title=\"Page 9\">\n<div class=\"section\">\n<div class=\"layoutArea\">\n<div class=\"column\">\n<p>Eguzki ros\u00e9 frizzante, raisins s\u00e9lectionn\u00e9s \u00e0 faible teneur en alcool et \u00e0 forte acidit\u00e9. Un mois avant la mise en bouteille, le vin et le mo\u00fbt sont assembl\u00e9s dans des cuves iso-barom\u00e9triques, o\u00f9 la seconde fermentation et la prise de mousse ont lieu \u00e0 12\u00baC. \u00c0 chaque gorg\u00e9e, vous appr\u00e9cierez sa combinaison \u00e9quilibr\u00e9e de fruits rouges et de notes florales, cr\u00e9ant une exp\u00e9rience sensorielle unique. Parfait pour accompagner les moments sp\u00e9ciaux ou simplement pour se r\u00e9jouir en toute occasion.<\/p>\n<\/div>\n<\/div>\n<\/div>\n<\/div>\n","protected":false},"featured_media":896,"comment_status":"open","ping_status":"closed","template":"","meta":[],"product_cat":[181],"product_tag":[],"_links":{"self":[{"href":"https:\/\/chm.4vlab.org\/index.php?rest_route=\/wp\/v2\/product\/1629"}],"collection":[{"href":"https:\/\/chm.4vlab.org\/index.php?rest_route=\/wp\/v2\/product"}],"about":[{"href":"https:\/\/chm.4vlab.org\/index.php?rest_route=\/wp\/v2\/types\/product"}],"replies":[{"embeddable":true,"href":"https:\/\/chm.4vlab.org\/index.php?rest_route=%2Fwp%2Fv2%2Fcomments&post=1629"}],"wp:featuredmedia":[{"embeddable":true,"href":"https:\/\/chm.4vlab.org\/index.php?rest_route=\/wp\/v2\/media\/896"}],"wp:attachment":[{"href":"https:\/\/chm.4vlab.org\/index.php?rest_route=%2Fwp%2Fv2%2Fmedia&parent=1629"}],"wp:term":[{"taxonomy":"product_cat","embeddable":true,"href":"https:\/\/chm.4vlab.org\/index.php?rest_route=%2Fwp%2Fv2%2Fproduct_cat&post=1629"},{"taxonomy":"product_tag","embeddable":true,"href":"https:\/\/chm.4vlab.org\/index.php?rest_route=%2Fwp%2Fv2%2Fproduct_tag&post=1629"}],"curies":[{"name":"wp","href":"https:\/\/api.w.org\/{rel}","templated":true}]}}