{"id":764,"date":"2024-05-03T08:12:35","date_gmt":"2024-05-03T08:12:35","guid":{"rendered":"https:\/\/chm.4vlab.org\/?post_type=product&#038;p=764"},"modified":"2024-05-17T08:05:23","modified_gmt":"2024-05-17T08:05:23","slug":"pack-6-vino-tinto-crianza","status":"publish","type":"product","link":"https:\/\/chm.4vlab.org\/?product=pack-6-vino-tinto-crianza","title":{"rendered":"Pack 6 &#8211; Vino Tinto Crianza"},"content":{"rendered":"<p>Imagina un vino tinto Crianza de Navarra que despierta los sentidos desde el momento en que lo ves en la copa. Su color profundo y brillante, con tonalidades rub\u00edes que dan indicios de su rica complejidad. Al acercarlo a la nariz, se despliega un bouquet cautivador de aromas intensos a frutos rojos maduros como la cereza y la mora, entrelazados con delicadas notas especiadas de vainilla y canela provenientes de su crianza en barrica de roble.<\/p>\n<p>Al darle un sorbo, su textura sedosa envuelve el paladar, revelando una armoniosa combinaci\u00f3n de sabores que dan fe de su cuidadoso proceso de elaboraci\u00f3n. Notas de frutas maduras se mezclan con toques sutiles de madera, aportando complejidad y elegancia a cada trago. Su equilibrada acidez y sus taninos suaves brindan una sensaci\u00f3n de plenitud en boca, invitando a saborear cada matiz con deleite.<\/p>\n","protected":false},"excerpt":{"rendered":"<p><span style=\"font-weight: 400;\">Eguzki Crianza 2021, uva Cabernet Sauvignon, Merlot, Graciano, Garnacha y Syrah, con una maduraci\u00f3n de 14 meses en barricas de roble franc\u00e9s. Es el compa\u00f1ero perfecto para una velada especial o para realzar una comida gourmet. Su car\u00e1cter refinado y su persistente final hacen que sea una elecci\u00f3n irresistible para aquellos que buscan disfrutar de un vino de calidad que captura la esencia misma de la regi\u00f3n de Navarra en cada sorbo.<\/span><\/p>\n<p><br style=\"font-weight: 400;\" \/><br style=\"font-weight: 400;\" \/><\/p>\n","protected":false},"featured_media":765,"comment_status":"open","ping_status":"closed","template":"","meta":[],"product_cat":[165],"product_tag":[],"_links":{"self":[{"href":"https:\/\/chm.4vlab.org\/index.php?rest_route=\/wp\/v2\/product\/764"}],"collection":[{"href":"https:\/\/chm.4vlab.org\/index.php?rest_route=\/wp\/v2\/product"}],"about":[{"href":"https:\/\/chm.4vlab.org\/index.php?rest_route=\/wp\/v2\/types\/product"}],"replies":[{"embeddable":true,"href":"https:\/\/chm.4vlab.org\/index.php?rest_route=%2Fwp%2Fv2%2Fcomments&post=764"}],"wp:featuredmedia":[{"embeddable":true,"href":"https:\/\/chm.4vlab.org\/index.php?rest_route=\/wp\/v2\/media\/765"}],"wp:attachment":[{"href":"https:\/\/chm.4vlab.org\/index.php?rest_route=%2Fwp%2Fv2%2Fmedia&parent=764"}],"wp:term":[{"taxonomy":"product_cat","embeddable":true,"href":"https:\/\/chm.4vlab.org\/index.php?rest_route=%2Fwp%2Fv2%2Fproduct_cat&post=764"},{"taxonomy":"product_tag","embeddable":true,"href":"https:\/\/chm.4vlab.org\/index.php?rest_route=%2Fwp%2Fv2%2Fproduct_tag&post=764"}],"curies":[{"name":"wp","href":"https:\/\/api.w.org\/{rel}","templated":true}]}}