{"id":846,"date":"2024-05-10T08:18:58","date_gmt":"2024-05-10T08:18:58","guid":{"rendered":"https:\/\/chm.4vlab.org\/?post_type=product&#038;p=846"},"modified":"2024-05-17T08:11:52","modified_gmt":"2024-05-17T08:11:52","slug":"pack-6-vino-tinto-reserva","status":"publish","type":"product","link":"https:\/\/chm.4vlab.org\/?product=pack-6-vino-tinto-reserva","title":{"rendered":"Pack 6 &#8211; Vino Tinto Reserva"},"content":{"rendered":"<p>El vino tinto Reserva de calidad superior con Denominaci\u00f3n de Origen Navarro es una verdadera joya enol\u00f3gica que combina la tradici\u00f3n con la excelencia enol\u00f3gica. Este vino se elabora con meticulosidad y pasi\u00f3n, reflejando el car\u00e1cter \u00fanico de la regi\u00f3n de Navarra en cada sorbo.<\/p>\n<p>Su color es profundo y vibrante, con matices que van desde el rojo rub\u00ed intenso hasta tonalidades m\u00e1s granates en el borde de la copa, lo que anticipa su complejidad y estructura. Al acercar la copa a la nariz, se despliega un bouquet cautivador y sofisticado, donde se entrelazan aromas de frutos rojos maduros como la cereza y la frambuesa, con notas sutiles de vainilla, tabaco y especias, resultado del envejecimiento en barricas de roble.<\/p>\n<p>En boca, este vino Reserva de Navarra deleita con su equilibrio y elegancia. Su cuerpo es robusto pero armonioso, con taninos sedosos que envuelven el paladar con una textura suave y aterciopelada. Los sabores frutales se mezclan con toques de madera bien integrados, aportando complejidad y profundidad a cada sorbo. Su final es largo y persistente, dejando una agradable sensaci\u00f3n de satisfacci\u00f3n en el paladar y un recuerdo duradero en la memoria gustativa.<\/p>\n","protected":false},"excerpt":{"rendered":"<div class=\"page\" title=\"Page 5\">\n<div class=\"section\">\n<div class=\"layoutArea\">\n<div class=\"column\">\n<p>Eguzki Reserva 2019, con uva Graciano, Cabernet, Syrah y otras variedades, tras una maduracio\u0301n de 14 meses en barrica de roble y ma\u0301s tarde reposa 24 meses embotellado para salir al mercado. Este vino tinto reserva se presenta en una botella elegante, con una etiqueta que refleja la pasi\u00f3n y la dedicaci\u00f3n de generaciones de en\u00f3logos que han cuidado cada detalle para ofrecerte lo mejor de su arte.<\/p>\n<\/div>\n<\/div>\n<\/div>\n<\/div>\n","protected":false},"featured_media":847,"comment_status":"open","ping_status":"closed","template":"","meta":[],"product_cat":[165],"product_tag":[],"_links":{"self":[{"href":"https:\/\/chm.4vlab.org\/index.php?rest_route=\/wp\/v2\/product\/846"}],"collection":[{"href":"https:\/\/chm.4vlab.org\/index.php?rest_route=\/wp\/v2\/product"}],"about":[{"href":"https:\/\/chm.4vlab.org\/index.php?rest_route=\/wp\/v2\/types\/product"}],"replies":[{"embeddable":true,"href":"https:\/\/chm.4vlab.org\/index.php?rest_route=%2Fwp%2Fv2%2Fcomments&post=846"}],"wp:featuredmedia":[{"embeddable":true,"href":"https:\/\/chm.4vlab.org\/index.php?rest_route=\/wp\/v2\/media\/847"}],"wp:attachment":[{"href":"https:\/\/chm.4vlab.org\/index.php?rest_route=%2Fwp%2Fv2%2Fmedia&parent=846"}],"wp:term":[{"taxonomy":"product_cat","embeddable":true,"href":"https:\/\/chm.4vlab.org\/index.php?rest_route=%2Fwp%2Fv2%2Fproduct_cat&post=846"},{"taxonomy":"product_tag","embeddable":true,"href":"https:\/\/chm.4vlab.org\/index.php?rest_route=%2Fwp%2Fv2%2Fproduct_tag&post=846"}],"curies":[{"name":"wp","href":"https:\/\/api.w.org\/{rel}","templated":true}]}}