{"id":853,"date":"2024-05-13T10:30:40","date_gmt":"2024-05-13T10:30:40","guid":{"rendered":"https:\/\/chm.4vlab.org\/?post_type=product&#038;p=853"},"modified":"2024-05-17T08:18:05","modified_gmt":"2024-05-17T08:18:05","slug":"pack-6-vino-rosado-seco","status":"publish","type":"product","link":"https:\/\/chm.4vlab.org\/?product=pack-6-vino-rosado-seco","title":{"rendered":"Pack 6 &#8211; Vino Rosado  Seco"},"content":{"rendered":"<p>Eguzki Seco es una experiencia sensorial que te transporta a los vi\u00f1edos soleados de Navarra, donde el arte de la viticultura se fusiona con la pasi\u00f3n por crear vinos de calidad excepcional. Es una expresi\u00f3n aut\u00e9ntica del terru\u00f1o, capturando la esencia misma de la regi\u00f3n en cada gota.<\/p>\n<p>Imagina un vino rosado seco de Denominaci\u00f3n de Origen Navarra como un poema delicado escrito con uvas. Su color es un rosa p\u00e1lido y brillante, como la caricia de la luz del atardecer sobre un campo de rosas en primavera. Al acercarlo a tu nariz, ser\u00e1s recibido por una sinfon\u00eda de aromas frescos y frutales: fresas maduras, frambuesas jugosas y un toque sutil de flor de sauco.<\/p>\n<p>En boca, este vino despliega una armon\u00eda exquisita. Su entrada es suave y sedosa, como un suave beso en los labios, seguido por una explosi\u00f3n de sabores frutales que danzan en tu paladar. La acidez es refrescante y equilibrada, como una brisa suave que acaricia tu rostro en una tarde c\u00e1lida de verano. Su final es persistente y elegante, dejando en tu boca un recuerdo dulce y afrutado que invita a otro sorbo.<\/p>\n","protected":false},"excerpt":{"rendered":"<p><span class=\"OYPEnA text-decoration-none text-strikethrough-none\">Eguzki rosado seco, elaborado con variedades de uva Tempranillo y Cari\u00f1ena. Se extrae el color y aromas deseados y se descubra pasadas unas seis horas. La fermentaci\u00f3n termina en dep\u00f3sitos de acero inoxidable sometidos a un estricto control de temperatura hasta terminar todos los az\u00facares. Es perfecto para disfrutar en cualquier ocasi\u00f3n, ya sea solo o acompa\u00f1ando una variedad de platos, y es una opci\u00f3n ideal para los amantes del vino que buscan algo ligero y vers\u00e1til.<\/span><\/p>\n","protected":false},"featured_media":854,"comment_status":"open","ping_status":"closed","template":"","meta":[],"product_cat":[177],"product_tag":[],"_links":{"self":[{"href":"https:\/\/chm.4vlab.org\/index.php?rest_route=\/wp\/v2\/product\/853"}],"collection":[{"href":"https:\/\/chm.4vlab.org\/index.php?rest_route=\/wp\/v2\/product"}],"about":[{"href":"https:\/\/chm.4vlab.org\/index.php?rest_route=\/wp\/v2\/types\/product"}],"replies":[{"embeddable":true,"href":"https:\/\/chm.4vlab.org\/index.php?rest_route=%2Fwp%2Fv2%2Fcomments&post=853"}],"wp:featuredmedia":[{"embeddable":true,"href":"https:\/\/chm.4vlab.org\/index.php?rest_route=\/wp\/v2\/media\/854"}],"wp:attachment":[{"href":"https:\/\/chm.4vlab.org\/index.php?rest_route=%2Fwp%2Fv2%2Fmedia&parent=853"}],"wp:term":[{"taxonomy":"product_cat","embeddable":true,"href":"https:\/\/chm.4vlab.org\/index.php?rest_route=%2Fwp%2Fv2%2Fproduct_cat&post=853"},{"taxonomy":"product_tag","embeddable":true,"href":"https:\/\/chm.4vlab.org\/index.php?rest_route=%2Fwp%2Fv2%2Fproduct_tag&post=853"}],"curies":[{"name":"wp","href":"https:\/\/api.w.org\/{rel}","templated":true}]}}