{"id":894,"date":"2024-05-14T14:47:44","date_gmt":"2024-05-14T14:47:44","guid":{"rendered":"https:\/\/chm.4vlab.org\/?post_type=product&#038;p=894"},"modified":"2024-06-03T09:25:53","modified_gmt":"2024-06-03T09:25:53","slug":"pack-6-vino-rosado-frizzante","status":"publish","type":"product","link":"https:\/\/chm.4vlab.org\/?product=pack-6-vino-rosado-frizzante","title":{"rendered":"Pack 6 &#8211; Vino Rosado Frizzante"},"content":{"rendered":"<p>Nuestro Vino rosado frizzante tiene un color rosa brillante que evoca los c\u00e1lidos atardeceres de la regi\u00f3n, este vino despierta los sentidos desde el primer momento. Su aroma fresco y afrutado te transporta a los vi\u00f1edos navarros, donde el sol acaricia las uvas hasta que alcanzan su plena madurez.<\/p>\n<p>En boca, este vino rosado frizzante despliega una explosi\u00f3n de sabores jugosos y refrescantes. Notas de frutas rojas como fresas, frambuesas y cerezas se entrelazan con sutiles toques florales, creando una experiencia gustativa \u00fanica y placentera.<\/p>\n<p>Ya sea para acompa\u00f1ar una comida al aire libre con amigos o para disfrutarlo en una velada \u00edntima, este vino rosado es la elecci\u00f3n perfecta. Su equilibrada acidez y su suave efervescencia lo convierten en el compa\u00f1ero ideal para cualquier ocasi\u00f3n.<\/p>\n<p>Sum\u00e9rgete en el encanto de Navarra con cada sorbo de este delicioso vino rosado frizzante y descubre por qu\u00e9 es una elecci\u00f3n que no podr\u00e1s resistir. \u00a1No esperes m\u00e1s para a\u00f1adirlo a tu colecci\u00f3n y disfrutar de momentos inolvidables junto a quienes m\u00e1s aprecias!<\/p>\n","protected":false},"excerpt":{"rendered":"<div class=\"page\" title=\"Page 9\">\n<div class=\"section\">\n<div class=\"layoutArea\">\n<div class=\"column\">\n<p>Eguzki rosado frizzante, uvas seleccionadas con baja graduacio\u0301n y alta acidez. Un mes antes del embotellado, se mezcla el vino y el mosto en depo\u0301sitos iso barome\u0301tricos, donde se produce la segunda fermentacio\u0301n y toma de espuma a 12\u00baC. Con cada sorbo, disfruta de su equilibrada combinaci\u00f3n de frutas rojas y notas florales, creando una experiencia sensorial \u00fanica. Perfecto para acompa\u00f1ar momentos especiales o simplemente para deleitarte en cualquier ocasi\u00f3n.<\/p>\n<\/div>\n<\/div>\n<\/div>\n<\/div>\n","protected":false},"featured_media":896,"comment_status":"open","ping_status":"closed","template":"","meta":[],"product_cat":[177],"product_tag":[],"_links":{"self":[{"href":"https:\/\/chm.4vlab.org\/index.php?rest_route=\/wp\/v2\/product\/894"}],"collection":[{"href":"https:\/\/chm.4vlab.org\/index.php?rest_route=\/wp\/v2\/product"}],"about":[{"href":"https:\/\/chm.4vlab.org\/index.php?rest_route=\/wp\/v2\/types\/product"}],"replies":[{"embeddable":true,"href":"https:\/\/chm.4vlab.org\/index.php?rest_route=%2Fwp%2Fv2%2Fcomments&post=894"}],"wp:featuredmedia":[{"embeddable":true,"href":"https:\/\/chm.4vlab.org\/index.php?rest_route=\/wp\/v2\/media\/896"}],"wp:attachment":[{"href":"https:\/\/chm.4vlab.org\/index.php?rest_route=%2Fwp%2Fv2%2Fmedia&parent=894"}],"wp:term":[{"taxonomy":"product_cat","embeddable":true,"href":"https:\/\/chm.4vlab.org\/index.php?rest_route=%2Fwp%2Fv2%2Fproduct_cat&post=894"},{"taxonomy":"product_tag","embeddable":true,"href":"https:\/\/chm.4vlab.org\/index.php?rest_route=%2Fwp%2Fv2%2Fproduct_tag&post=894"}],"curies":[{"name":"wp","href":"https:\/\/api.w.org\/{rel}","templated":true}]}}